{"id":364,"date":"2019-11-16T14:41:48","date_gmt":"2019-11-16T19:41:48","guid":{"rendered":"https:\/\/lifestylebyolgui.com\/?post_type=product&#038;p=364"},"modified":"2026-03-03T18:23:30","modified_gmt":"2026-03-03T23:23:30","slug":"full-plan-de-nutricion-y-entrenamiento-personalizado","status":"publish","type":"product","link":"https:\/\/lifestylebyolgui.com\/?product=full-plan-de-nutricion-y-entrenamiento-personalizado","title":{"rendered":"PLAN DE NUTRICI\u00d3N Y ENTRENAMIENTO PERSONALIZADO (MENSUAL)"},"content":{"rendered":"<h1 class=\"product_title entry-title\"><\/h1>\n<h1 class=\"product_title entry-title\">Plan de Nutrici\u00f3n y Entrenamiento Personalizado<\/h1>\n<p>&nbsp;<\/p>\n<p><strong><em>\u00a0 \u00a0<\/em><\/strong><\/p>\n<p><strong><em>El full plan consta con:<\/em><\/strong><\/p>\n<ul>\n<li><em>Videollamada de\u00a0<\/em><i>orientaci\u00f3n.<\/i><\/li>\n<li><em>Gu\u00eda de suplementos.\u00a0<\/em><\/li>\n<li><em>Gu\u00eda de mercado.<\/em><\/li>\n<li><em>Gu\u00eda de perdida de grasa.<\/em><\/li>\n<li>Plan de alimentaci\u00f3n personalizado.<\/li>\n<li><em>Plan de entrenamiento personalizado para el gym o la casa.<\/em><\/li>\n<li><em>Seguimiento y consultas v\u00eda\u00a0WhatsApp o Email\u00a0\u00a0<\/em><\/li>\n<\/ul>\n<p>&#8220;Obt\u00e9n el cuerpo y la salud que siempre has deseado con mi plan personalizado de nutrici\u00f3n y entrenamiento personalizado.<\/p>\n<p>Este plan esta dirigido para toda aquella persona sana y mayor de edad que desee cambiar sus h\u00e1bitos, perder grasa, aumentar masa muscular, o mejorar composici\u00f3n corporal.<\/p>\n<p>&#8220;Con mi enfoque en la alimentaci\u00f3n equilibrada y el ejercicio efectivo, te guiare hacia tu objetivo.\u00a0 Yo personalmente trabajare contigo para crear un plan ajustado a tus necesidades y metas individuales. \u00a1Transforma tu cuerpo y tu vida hoy con mi plan de nutrici\u00f3n y entrenamiento!&#8221; Para solicitar el full plan personalizado primero debes llenar el cuestionario que se encuentra en el apartado de asesor\u00eda. Una vez que lo llenes y le des en enviar\u00a0 autom\u00e1ticamente te llevara a realizar el pago. Cuando yo reciba toda tu informaci\u00f3n en un plazo de 7 a 10 d\u00edas h\u00e1biles te estar\u00e9 enviando todo lo necesario<span style=\"font-size: 16px;\"> a tu email y me comunicare contigo para hacer nuestra primera video llamada de 30 minutos donde te explicare y aclarare todo lo referente a la\u00a0<\/span>asesor\u00eda.<\/p>\n<p><em><strong>Es importante que antes de realizar el pago leas los t\u00e9rminos y condiciones ya que una vez que realices el pago no habr\u00e1 devoluci\u00f3n del dinero en caso de cancelaci\u00f3n por tu parte.<\/strong><\/em><\/p>\n<p><em><b>Esta asesor\u00eda se paga mes a mes lo que significa que si deseas continuar debes realizar tu pr\u00f3ximo pago una semana antes de que venza tu plazo para que garantices no solo tu cupo sino tambi\u00e9n que tus nuevos planes est\u00e9n a tiempo.<\/b><\/em><\/p>\n<p><em><strong>Si deseas mas informaci\u00f3n puedes leer el PDF que se encuentra en el apartado asesor\u00eda o escribir directamente a mi email.<\/strong><\/em><\/p>\n<p>&nbsp;<\/p>\n","protected":false},"excerpt":{"rendered":"<p>Plan de Nutrici\u00f3n y Entrenamiento Personalizado &nbsp; \u00a0 \u00a0 El full plan consta con: Videollamada de\u00a0orientaci\u00f3n. Gu\u00eda de suplementos.\u00a0 Gu\u00eda de mercado. Gu\u00eda de perdida de grasa. Plan de alimentaci\u00f3n personalizado. Plan de entrenamiento personalizado para el gym o la casa. Seguimiento y consultas v\u00eda\u00a0WhatsApp o Email\u00a0\u00a0 &#8220;Obt\u00e9n el cuerpo y la salud que siempre &hellip;<\/p>\n<p class=\"read-more\"> <a class=\"\" href=\"https:\/\/lifestylebyolgui.com\/?product=full-plan-de-nutricion-y-entrenamiento-personalizado\"> <span class=\"screen-reader-text\">PLAN DE NUTRICI\u00d3N Y ENTRENAMIENTO PERSONALIZADO (MENSUAL)<\/span> Leer m\u00e1s &raquo;<\/a><\/p>\n","protected":false},"featured_media":2937,"comment_status":"open","ping_status":"closed","template":"","meta":{"site-sidebar-layout":"default","site-content-layout":"default","ast-main-header-display":"","ast-hfb-above-header-display":"","ast-hfb-below-header-display":"","ast-hfb-mobile-header-display":"","site-post-title":"","ast-breadcrumbs-content":"","ast-featured-img":"","footer-sml-layout":"","theme-transparent-header-meta":"default","adv-header-id-meta":"","stick-header-meta":"","header-above-stick-meta":"","header-main-stick-meta":"","header-below-stick-meta":""},"product_brand":[],"product_cat":[19],"product_tag":[],"class_list":{"0":"post-364","1":"product","2":"type-product","3":"status-publish","4":"has-post-thumbnail","6":"product_cat-asesorias","7":"product_shipping_class-asesorias","9":"first","10":"instock","11":"shipping-taxable","12":"purchasable","13":"product-type-simple"},"_links":{"self":[{"href":"https:\/\/lifestylebyolgui.com\/index.php?rest_route=\/wp\/v2\/product\/364","targetHints":{"allow":["GET"]}}],"collection":[{"href":"https:\/\/lifestylebyolgui.com\/index.php?rest_route=\/wp\/v2\/product"}],"about":[{"href":"https:\/\/lifestylebyolgui.com\/index.php?rest_route=\/wp\/v2\/types\/product"}],"replies":[{"embeddable":true,"href":"https:\/\/lifestylebyolgui.com\/index.php?rest_route=%2Fwp%2Fv2%2Fcomments&post=364"}],"wp:featuredmedia":[{"embeddable":true,"href":"https:\/\/lifestylebyolgui.com\/index.php?rest_route=\/wp\/v2\/media\/2937"}],"wp:attachment":[{"href":"https:\/\/lifestylebyolgui.com\/index.php?rest_route=%2Fwp%2Fv2%2Fmedia&parent=364"}],"wp:term":[{"taxonomy":"product_brand","embeddable":true,"href":"https:\/\/lifestylebyolgui.com\/index.php?rest_route=%2Fwp%2Fv2%2Fproduct_brand&post=364"},{"taxonomy":"product_cat","embeddable":true,"href":"https:\/\/lifestylebyolgui.com\/index.php?rest_route=%2Fwp%2Fv2%2Fproduct_cat&post=364"},{"taxonomy":"product_tag","embeddable":true,"href":"https:\/\/lifestylebyolgui.com\/index.php?rest_route=%2Fwp%2Fv2%2Fproduct_tag&post=364"}],"curies":[{"name":"wp","href":"https:\/\/api.w.org\/{rel}","templated":true}]}}