{"id":362,"date":"2019-11-16T14:38:12","date_gmt":"2019-11-16T19:38:12","guid":{"rendered":"https:\/\/lifestylebyolgui.com\/?post_type=product&#038;p=362"},"modified":"2025-03-05T09:51:50","modified_gmt":"2025-03-05T14:51:50","slug":"plan-basico-de-nutricion-personalizado","status":"publish","type":"product","link":"https:\/\/lifestylebyolgui.com\/?product=plan-basico-de-nutricion-personalizado","title":{"rendered":"ASESORIA DE NUTRICI\u00d3N PERSONALIZADA (MENSUAL)"},"content":{"rendered":"<h1 class=\"product_title entry-title\">Plan de Nutrici\u00f3n Personalizado<\/h1>\n<p>&nbsp;<\/p>\n<h3><em>\u00a0\u00a0 <span style=\"font-size: 14pt;\">Este plan consta con: \u00a0<\/span> \u00a0 \u00a0 \u00a0 \u00a0<\/em><\/h3>\n<ul>\n<li>Video llamada de orientaci\u00f3n<\/li>\n<li>Gu\u00eda de h\u00e1bitos saludables<\/li>\n<li>Gu\u00eda de mercado saludable<\/li>\n<li>Plan de Alimentaci\u00f3n personalizado<\/li>\n<li>Consulta v\u00eda WhatsApp o Email<\/li>\n<\/ul>\n<p>El Plan B\u00e1sico de Nutrici\u00f3n esta dirigido para toda aquella persona sana y mayor de edad que desee cambiar sus h\u00e1bitos, perder grasa, aumentar masa muscular, o mejorar composici\u00f3n corporal.<\/p>\n<p>Para solicitar el plan b\u00e1sico de nutrici\u00f3n personalizado primero debes llenar el cuestionario que se encuentra en el apartado de asesor\u00eda. Una vez que lo llenes y le des en enviar\u00a0 autom\u00e1ticamente te llevara a realizar el pago. Cuando yo reciba toda tu informaci\u00f3n en un plazo de 7 a 10 d\u00edas h\u00e1biles te estar\u00e9 enviando todo lo necesario<span style=\"font-size: 16px;\"> a tu email y me comunicare contigo para hacer nuestra video llamada de 30 minutos donde te explicare y aclarare todo lo referente a la <\/span>asesor\u00eda.<\/p>\n<p><em><strong>Es importante que antes de realizar el pago leas los t\u00e9rminos y condiciones ya que una vez que realices el pago no habr\u00e1 devoluci\u00f3n del dinero en caso de cancelaci\u00f3n por tu parte.<\/strong><\/em><\/p>\n<p><em><b>La asesor\u00eda se paga mes a mes lo que significa que si deseas continuar debes realizar tu pr\u00f3ximo pago una semana antes de que venza tu plazo para que garantices no solo tu cupo sino tambi\u00e9n que tu nuevo plan este a tiempo.<\/b><\/em><\/p>\n<p><em><strong>Si deseas mas informaci\u00f3n puedes leer el PDF que se encuentra en el apartado asesor\u00eda o escribir directamente a mi email.<\/strong><\/em><\/p>\n","protected":false},"excerpt":{"rendered":"<p>Plan de Nutrici\u00f3n Personalizado &nbsp; \u00a0\u00a0 Este plan consta con: \u00a0 \u00a0 \u00a0 \u00a0 \u00a0 Video llamada de orientaci\u00f3n Gu\u00eda de h\u00e1bitos saludables Gu\u00eda de mercado saludable Plan de Alimentaci\u00f3n personalizado Consulta v\u00eda WhatsApp o Email El Plan B\u00e1sico de Nutrici\u00f3n esta dirigido para toda aquella persona sana y mayor de edad que desee cambiar &hellip;<\/p>\n<p class=\"read-more\"> <a class=\"\" href=\"https:\/\/lifestylebyolgui.com\/?product=plan-basico-de-nutricion-personalizado\"> <span class=\"screen-reader-text\">ASESORIA DE NUTRICI\u00d3N PERSONALIZADA (MENSUAL)<\/span> Leer m\u00e1s &raquo;<\/a><\/p>\n","protected":false},"featured_media":2938,"comment_status":"open","ping_status":"closed","template":"","meta":{"site-sidebar-layout":"default","site-content-layout":"default","ast-main-header-display":"","ast-hfb-above-header-display":"","ast-hfb-below-header-display":"","ast-hfb-mobile-header-display":"","site-post-title":"","ast-breadcrumbs-content":"","ast-featured-img":"","footer-sml-layout":"","theme-transparent-header-meta":"default","adv-header-id-meta":"","stick-header-meta":"","header-above-stick-meta":"","header-main-stick-meta":"","header-below-stick-meta":""},"product_brand":[],"product_cat":[19],"product_tag":[],"class_list":{"0":"post-362","1":"product","2":"type-product","3":"status-publish","4":"has-post-thumbnail","6":"product_cat-asesorias","7":"product_shipping_class-asesorias","9":"first","10":"instock","11":"shipping-taxable","12":"purchasable","13":"product-type-simple"},"_links":{"self":[{"href":"https:\/\/lifestylebyolgui.com\/index.php?rest_route=\/wp\/v2\/product\/362","targetHints":{"allow":["GET"]}}],"collection":[{"href":"https:\/\/lifestylebyolgui.com\/index.php?rest_route=\/wp\/v2\/product"}],"about":[{"href":"https:\/\/lifestylebyolgui.com\/index.php?rest_route=\/wp\/v2\/types\/product"}],"replies":[{"embeddable":true,"href":"https:\/\/lifestylebyolgui.com\/index.php?rest_route=%2Fwp%2Fv2%2Fcomments&post=362"}],"wp:featuredmedia":[{"embeddable":true,"href":"https:\/\/lifestylebyolgui.com\/index.php?rest_route=\/wp\/v2\/media\/2938"}],"wp:attachment":[{"href":"https:\/\/lifestylebyolgui.com\/index.php?rest_route=%2Fwp%2Fv2%2Fmedia&parent=362"}],"wp:term":[{"taxonomy":"product_brand","embeddable":true,"href":"https:\/\/lifestylebyolgui.com\/index.php?rest_route=%2Fwp%2Fv2%2Fproduct_brand&post=362"},{"taxonomy":"product_cat","embeddable":true,"href":"https:\/\/lifestylebyolgui.com\/index.php?rest_route=%2Fwp%2Fv2%2Fproduct_cat&post=362"},{"taxonomy":"product_tag","embeddable":true,"href":"https:\/\/lifestylebyolgui.com\/index.php?rest_route=%2Fwp%2Fv2%2Fproduct_tag&post=362"}],"curies":[{"name":"wp","href":"https:\/\/api.w.org\/{rel}","templated":true}]}}