{"id":356,"date":"2019-11-15T23:05:16","date_gmt":"2019-11-16T04:05:16","guid":{"rendered":"https:\/\/lifestylebyolgui.com\/?post_type=product&#038;p=356"},"modified":"2026-04-14T09:08:08","modified_gmt":"2026-04-14T13:08:08","slug":"asesorias","status":"publish","type":"product","link":"https:\/\/lifestylebyolgui.com\/?product=asesorias","title":{"rendered":"ASESOR\u00cdA DE ENTRENAMIENTO PERSONALIZADO (MENSUAL)"},"content":{"rendered":"<h1 class=\"product_title entry-title\">Plan de entrenamiento personalizado<\/h1>\n<p><em><strong>\u00a0 \u00a0Este plan consta con:<\/strong><\/em><\/p>\n<ul>\n<li>Llamada de orientaci\u00f3n<\/li>\n<li>Gu\u00eda de h\u00e1bitos saludables<\/li>\n<li>Plan de entrenamiento personalizado para el gym o la casa<\/li>\n<li>Consulta via WhatsApp o Email<\/li>\n<\/ul>\n<p>El Plan B\u00e1sico de Entrenamiento esta dirigido para toda aquella persona sana, mayor de 18 a\u00f1os que desee perder grasa, aumentar masa muscular, o mejorar composici\u00f3n corporal.<\/p>\n<p>Para solicitar el plan de entrenamiento personalizado primero debes llenar el cuestionario que se encuentra en el apartado de asesor\u00eda. Una vez que lo llenes y le des en enviar\u00a0 autom\u00e1ticamente te llevara a realizar el pago. Cuando yo reciba toda tu informaci\u00f3n en un plazo de 7 a 10 d\u00edas h\u00e1biles te estar\u00e9 enviando todo lo necesario<span style=\"font-size: 16px;\"> a tu email y me comunicare contigo para hacer nuestra\u00a0 video llamada de 30 minutos donde te explicare y aclarare todo lo referente a la <\/span>asesor\u00eda.<\/p>\n<p><em><strong>Es importante que antes de realizar el pago leas los t\u00e9rminos y condiciones ya que una vez que realices el pago no habr\u00e1 devoluci\u00f3n del dinero en caso de cancelaci\u00f3n por tu parte.<\/strong><\/em><\/p>\n<p><em><b>La asesor\u00eda se paga mes a mes lo que significa que si deseas continuar debes realizar tu pr\u00f3ximo pago una semana antes de que venza tu plazo para que garantices no solo tu cupo sino tambi\u00e9n que tus nuevos planes est\u00e9n a tiempo.<\/b><\/em><\/p>\n<p><em><strong>Si deseas mas informaci\u00f3n puedes leer el PDF que se encuentra en el apartado asesor\u00eda o escribir directamente a mi email.<\/strong><\/em><\/p>\n","protected":false},"excerpt":{"rendered":"<p>Plan de entrenamiento personalizado \u00a0 \u00a0Este plan consta con: Llamada de orientaci\u00f3n Gu\u00eda de h\u00e1bitos saludables Plan de entrenamiento personalizado para el gym o la casa Consulta via WhatsApp o Email El Plan B\u00e1sico de Entrenamiento esta dirigido para toda aquella persona sana, mayor de 18 a\u00f1os que desee perder grasa, aumentar masa muscular, o &hellip;<\/p>\n<p class=\"read-more\"> <a class=\"\" href=\"https:\/\/lifestylebyolgui.com\/?product=asesorias\"> <span class=\"screen-reader-text\">ASESOR\u00cdA DE ENTRENAMIENTO PERSONALIZADO (MENSUAL)<\/span> Leer m\u00e1s &raquo;<\/a><\/p>\n","protected":false},"featured_media":2939,"comment_status":"open","ping_status":"closed","template":"","meta":{"site-sidebar-layout":"default","site-content-layout":"default","ast-main-header-display":"","ast-hfb-above-header-display":"","ast-hfb-below-header-display":"","ast-hfb-mobile-header-display":"","site-post-title":"","ast-breadcrumbs-content":"","ast-featured-img":"","footer-sml-layout":"","theme-transparent-header-meta":"default","adv-header-id-meta":"","stick-header-meta":"","header-above-stick-meta":"","header-main-stick-meta":"","header-below-stick-meta":""},"product_brand":[],"product_cat":[19],"product_tag":[],"class_list":{"0":"post-356","1":"product","2":"type-product","3":"status-publish","4":"has-post-thumbnail","6":"product_cat-asesorias","7":"product_shipping_class-asesorias","9":"first","10":"instock","11":"shipping-taxable","12":"purchasable","13":"product-type-simple"},"_links":{"self":[{"href":"https:\/\/lifestylebyolgui.com\/index.php?rest_route=\/wp\/v2\/product\/356","targetHints":{"allow":["GET"]}}],"collection":[{"href":"https:\/\/lifestylebyolgui.com\/index.php?rest_route=\/wp\/v2\/product"}],"about":[{"href":"https:\/\/lifestylebyolgui.com\/index.php?rest_route=\/wp\/v2\/types\/product"}],"replies":[{"embeddable":true,"href":"https:\/\/lifestylebyolgui.com\/index.php?rest_route=%2Fwp%2Fv2%2Fcomments&post=356"}],"wp:featuredmedia":[{"embeddable":true,"href":"https:\/\/lifestylebyolgui.com\/index.php?rest_route=\/wp\/v2\/media\/2939"}],"wp:attachment":[{"href":"https:\/\/lifestylebyolgui.com\/index.php?rest_route=%2Fwp%2Fv2%2Fmedia&parent=356"}],"wp:term":[{"taxonomy":"product_brand","embeddable":true,"href":"https:\/\/lifestylebyolgui.com\/index.php?rest_route=%2Fwp%2Fv2%2Fproduct_brand&post=356"},{"taxonomy":"product_cat","embeddable":true,"href":"https:\/\/lifestylebyolgui.com\/index.php?rest_route=%2Fwp%2Fv2%2Fproduct_cat&post=356"},{"taxonomy":"product_tag","embeddable":true,"href":"https:\/\/lifestylebyolgui.com\/index.php?rest_route=%2Fwp%2Fv2%2Fproduct_tag&post=356"}],"curies":[{"name":"wp","href":"https:\/\/api.w.org\/{rel}","templated":true}]}}