{"id":3407,"date":"2024-08-13T20:38:28","date_gmt":"2024-08-14T00:38:28","guid":{"rendered":"https:\/\/lifestylebyolgui.com\/?post_type=product&#038;p=3407"},"modified":"2024-08-13T21:00:53","modified_gmt":"2024-08-14T01:00:53","slug":"entrenamiento-presencial-paquete-1","status":"publish","type":"product","link":"https:\/\/lifestylebyolgui.com\/?product=entrenamiento-presencial-paquete-1","title":{"rendered":"ENTRENAMIENTO PRESENCIAL (PAQUETE 1)"},"content":{"rendered":"<h1><strong>Entrenamiento Personalizado en Miramar, 33027<\/strong><br \/>\n<span style=\"font-size: 14pt; font-family: georgia, palatino, serif;\">Transforma tu cuerpo y alcanza tus objetivos con mis sesiones de entrenamiento personalizado. Este paquete incluye 8 sesiones mensuales, distribuidas en 2 veces por semana, con un costo de $40.00 por sesi\u00f3n. Las clases se llevan a cabo en mi gimnasio privado en Miramar, con horarios disponibles de lunes a viernes entre las 5:00 AM y 11:30 AM, y de 3:30 PM a 6:30 PM.<\/span><\/h1>\n<h1><span style=\"font-size: 14pt; font-family: georgia, palatino, serif;\"> \u00a1Aprovecha la oportunidad de recibir entrenamiento personalizado dise\u00f1ado espec\u00edficamente para ti!<\/span><\/h1>\n<h2><\/h2>\n<p><span style=\"font-size: 24pt;\"><strong>Esta oportunidad es para ti si&#8230;<\/strong><\/span><\/p>\n<ol>\n<li><strong>\u00bfEst\u00e1s buscando un cambio significativo en tu estilo de vida?<\/strong><br \/>\nIncluyendo la adopci\u00f3n de h\u00e1bitos alimenticios saludables y un programa de entrenamiento f\u00edsico personalizado que mejore tu salud y bienestar general.<\/li>\n<li><strong>\u00bfTe sientes frustrada por no lograr tus metas de p\u00e9rdida de peso o mejora f\u00edsica?<\/strong><br \/>\nY necesitas una orientaci\u00f3n personalizada que se adapte a tus necesidades y te ayude a alcanzar tus objetivos de manera efectiva.<\/li>\n<li><strong>\u00bfQuieres sentirte m\u00e1s segura y motivada en tu camino hacia una vida m\u00e1s saludable?<\/strong><br \/>\nCon el apoyo continuo de una entrenadora personal certificada que te guiar\u00e1 en cada paso hacia un estilo de vida m\u00e1s activo y equilibrado.<\/li>\n<li><strong>\u00bfEst\u00e1s dispuesta a invertir tiempo, esfuerzo y recursos en tu bienestar?<\/strong><br \/>\nEntendiendo que un programa de entrenamiento personalizado y asesor\u00eda nutricional son clave para lograr resultados duraderos.<\/li>\n<li><strong>\u00bfEst\u00e1s lista para comprometerte con un proceso de cambio gradual y sostenible?<\/strong><br \/>\nCon el acompa\u00f1amiento experto de una coach en nutrici\u00f3n y fitness que te ayudar\u00e1 a transformar tus h\u00e1bitos alimenticios y rutinas de ejercicio para lograr una salud \u00f3ptima.<\/li>\n<\/ol>\n<p>&nbsp;<\/p>\n<h2>\u00bfEst\u00e1s Comprometida con el Cambio? Reflexiona con Estas Preguntas:<\/h2>\n<ol>\n<li>\u00bfEst\u00e1s lista para comprometerte contigo misma y hacer cambios duraderos en tu estilo de vida?<\/li>\n<li>\u00bfQu\u00e9 te impulsa a buscar esta transformaci\u00f3n ahora y c\u00f3mo planeas mantener esa motivaci\u00f3n?<\/li>\n<li>\u00bfEst\u00e1s dispuesta a seguir un plan de entrenamiento personalizado incluso cuando enfrentes desaf\u00edos?<\/li>\n<li>\u00a0\u00bfQu\u00e9 cambios significativos esperas ver?<\/li>\n<\/ol>\n<p>Estas preguntas te ayudar\u00e1n a tener una idea de cuan comprometida estar\u00e1s con tu cambio. Escr\u00edbelas en un papel y s\u00e9 lo m\u00e1s especifica y sincera contigo misma en tus respuestas.<\/p>\n<p><strong>Si tienes mas preguntas o deseas mas informaci\u00f3n comun\u00edcate conmigo por email: lifestylebyolgui@gmail.com<\/strong><\/p>\n<p>&nbsp;<\/p>\n<h2>\ud83d\udcdd T\u00e9rminos y Condiciones<\/h2>\n<ol>\n<li><strong>Disponibilidad y Horarios:<\/strong> Las sesiones de entrenamiento se realizan exclusivamente en los horarios indicados: de 5:00 AM a 11:30 AM y de 3:00 PM a 6:30 PM, de lunes a viernes. Una vez realizado el pago, el cliente est\u00e1 sujeto a estos d\u00edas y horarios.<\/li>\n<li><strong>Reservas y Pago:<\/strong> El pago completo debe realizarse antes de iniciar las sesiones. La reserva de las sesiones est\u00e1 sujeta a la disponibilidad en los horarios establecidos.<\/li>\n<li><strong>Pol\u00edtica de Cancelaci\u00f3n:<\/strong> Las cancelaciones deben ser notificadas con al menos 24 horas de antelaci\u00f3n. Si la cancelaci\u00f3n no se realiza dentro de este plazo, la sesi\u00f3n ser\u00e1 considerada como realizada, y no habr\u00e1 reembolso del dinero.<\/li>\n<li><strong>Reembolsos:<\/strong> No se emitir\u00e1n reembolsos por sesiones no utilizadas o canceladas fuera del plazo establecido.<\/li>\n<li><strong>Responsabilidad:<\/strong> El cliente es responsable de informar al entrenador sobre cualquier condici\u00f3n m\u00e9dica que pueda afectar su participaci\u00f3n en el programa de entrenamiento.<\/li>\n<\/ol>\n<p>Estas condiciones aseguran una experiencia fluida y profesional, permiti\u00e9ndote enfocarte en alcanzar tus objetivos fitness sin preocupaciones.<\/p>\n<p>&nbsp;<\/p>\n","protected":false},"excerpt":{"rendered":"<p>Entrenamiento Personalizado en Miramar, 33027 Transforma tu cuerpo y alcanza tus objetivos con mis sesiones de entrenamiento personalizado. Este paquete incluye 8 sesiones mensuales, distribuidas en 2 veces por semana, con un costo de $40.00 por sesi\u00f3n. Las clases se llevan a cabo en mi gimnasio privado en Miramar, con horarios disponibles de lunes a &hellip;<\/p>\n<p class=\"read-more\"> <a class=\"\" href=\"https:\/\/lifestylebyolgui.com\/?product=entrenamiento-presencial-paquete-1\"> <span class=\"screen-reader-text\">ENTRENAMIENTO PRESENCIAL (PAQUETE 1)<\/span> Leer m\u00e1s &raquo;<\/a><\/p>\n","protected":false},"featured_media":3408,"comment_status":"open","ping_status":"closed","template":"","meta":{"site-sidebar-layout":"default","site-content-layout":"default","ast-main-header-display":"","ast-hfb-above-header-display":"","ast-hfb-below-header-display":"","ast-hfb-mobile-header-display":"","site-post-title":"","ast-breadcrumbs-content":"","ast-featured-img":"","footer-sml-layout":"","theme-transparent-header-meta":"default","adv-header-id-meta":"","stick-header-meta":"","header-above-stick-meta":"","header-main-stick-meta":"","header-below-stick-meta":""},"product_brand":[],"product_cat":[64],"product_tag":[],"class_list":{"0":"post-3407","1":"product","2":"type-product","3":"status-publish","4":"has-post-thumbnail","6":"product_cat-reto","8":"first","9":"instock","10":"featured","11":"virtual","12":"purchasable","13":"product-type-simple"},"_links":{"self":[{"href":"https:\/\/lifestylebyolgui.com\/index.php?rest_route=\/wp\/v2\/product\/3407","targetHints":{"allow":["GET"]}}],"collection":[{"href":"https:\/\/lifestylebyolgui.com\/index.php?rest_route=\/wp\/v2\/product"}],"about":[{"href":"https:\/\/lifestylebyolgui.com\/index.php?rest_route=\/wp\/v2\/types\/product"}],"replies":[{"embeddable":true,"href":"https:\/\/lifestylebyolgui.com\/index.php?rest_route=%2Fwp%2Fv2%2Fcomments&post=3407"}],"wp:featuredmedia":[{"embeddable":true,"href":"https:\/\/lifestylebyolgui.com\/index.php?rest_route=\/wp\/v2\/media\/3408"}],"wp:attachment":[{"href":"https:\/\/lifestylebyolgui.com\/index.php?rest_route=%2Fwp%2Fv2%2Fmedia&parent=3407"}],"wp:term":[{"taxonomy":"product_brand","embeddable":true,"href":"https:\/\/lifestylebyolgui.com\/index.php?rest_route=%2Fwp%2Fv2%2Fproduct_brand&post=3407"},{"taxonomy":"product_cat","embeddable":true,"href":"https:\/\/lifestylebyolgui.com\/index.php?rest_route=%2Fwp%2Fv2%2Fproduct_cat&post=3407"},{"taxonomy":"product_tag","embeddable":true,"href":"https:\/\/lifestylebyolgui.com\/index.php?rest_route=%2Fwp%2Fv2%2Fproduct_tag&post=3407"}],"curies":[{"name":"wp","href":"https:\/\/api.w.org\/{rel}","templated":true}]}}