{"id":369,"date":"2019-11-16T15:44:13","date_gmt":"2019-11-16T20:44:13","guid":{"rendered":"https:\/\/lifestylebyolgui.com\/?page_id=369"},"modified":"2020-05-10T00:16:54","modified_gmt":"2020-05-10T04:16:54","slug":"politica-de-privacidad","status":"publish","type":"page","link":"https:\/\/lifestylebyolgui.com\/?page_id=369","title":{"rendered":"Pol\u00edtica de privacidad."},"content":{"rendered":"<p><a href=\"https:\/\/lifestylebyolgui.com\/?page_id=369\" target=\"_blank\" rel=\"noopener noreferrer\">POL\u00cdTICA DE PRIVACIDAD<\/a><\/p>\n<p>El presente Pol\u00edtica de Privacidad establece los t\u00e9rminos en que lifestylebyolgui usa y protege la<br \/>\ninformaci\u00f3n que es proporcionada por sus usuarios al momento de utilizar su sitio web. Esta<br \/>\ncompa\u00f1\u00eda est\u00e1 comprometida con la seguridad de los datos de sus usuarios. Cuando le pedimos<br \/>\nllenar los campos de informaci\u00f3n personal con la cual usted pueda ser identificado, lo hacemos<br \/>\nasegurando que s\u00f3lo se emplear\u00e1 de acuerdo con los t\u00e9rminos de este documento. Sin embargo<br \/>\nesta Pol\u00edtica de Privacidad puede cambiar con el tiempo o ser actualizada por lo que le<br \/>\nrecomendamos y enfatizamos revisar continuamente esta p\u00e1gina para asegurarse que est\u00e1 de<br \/>\nacuerdo con dichos cambios.<br \/>\nInformaci\u00f3n que es recogida<br \/>\nNuestro sitio web podr\u00e1 recoger informaci\u00f3n personal por ejemplo: Nombre, informaci\u00f3n de<br \/>\ncontacto como su direcci\u00f3n de correo electr\u00f3nica e informaci\u00f3n demogr\u00e1fica. As\u00ed mismo cuando<br \/>\nsea necesario podr\u00e1 ser requerida informaci\u00f3n espec\u00edfica para procesar alg\u00fan pedido o realizar<br \/>\nuna entrega o facturaci\u00f3n.<br \/>\nUso de la informaci\u00f3n recogida<br \/>\nNuestro sitio web emplea la informaci\u00f3n con el fin de proporcionar el mejor servicio posible,<br \/>\nparticularmente para mantener un registro de usuarios, de pedidos en caso que aplique, y mejorar<br \/>\nnuestros productos y servicios. Es posible que sean enviados correos electr\u00f3nicos<br \/>\nperi\u00f3dicamente a trav\u00e9s de nuestro sitio con ofertas especiales, nuevos productos y otra<br \/>\ninformaci\u00f3n publicitaria que consideremos relevante para usted o que pueda brindarle alg\u00fan<br \/>\nbeneficio, estos correos electr\u00f3nicos ser\u00e1n enviados a la direcci\u00f3n que usted proporcione y<br \/>\npodr\u00e1n ser cancelados en cualquier momento.<br \/>\nlifestylebyolgui est\u00e1 altamente comprometido para cumplir con el compromiso de mantener su<br \/>\ninformaci\u00f3n segura. Usamos los sistemas m\u00e1s avanzados y los actualizamos constantemente<br \/>\npara asegurarnos que no exista ning\u00fan acceso no autorizado.<br \/>\nCookies<br \/>\nUna cookie se refiere a un fichero que es enviado con la finalidad de solicitar permiso para<br \/>\nalmacenarse en su ordenador, al aceptar dicho fichero se crea y la cookie sirve entonces para<br \/>\ntener informaci\u00f3n respecto al tr\u00e1fico web, y tambi\u00e9n facilita las futuras visitas a una web<br \/>\nrecurrente. Otra funci\u00f3n que tienen las cookies es que con ellas las web pueden reconocerte<br \/>\nindividualmente y por tanto brindarte el mejor servicio personalizado de su web.<br \/>\nNuestro sitio web emplea las cookies para poder identificar las p\u00e1ginas que son visitadas y su<br \/>\nfrecuencia. Esta informaci\u00f3n es empleada \u00fanicamente para an\u00e1lisis estad\u00edstico y despu\u00e9s la<br \/>\ninformaci\u00f3n se elimina de forma permanente. Usted puede eliminar las cookies en cualquier<br \/>\nmomento desde su ordenador. Sin embargo las cookies ayudan a proporcionar un mejor servicio<br \/>\nde los sitios web, est\u00e1s no dan acceso a informaci\u00f3n de su ordenador ni de usted, a menos de<br \/>\nque usted as\u00ed lo quiera y la proporcione directamente, visitas a una web . Usted puede aceptar o<br \/>\nnegar el uso de cookies, sin embargo la mayor\u00eda de navegadores aceptan cookies<br \/>\nautom\u00e1ticamente pues sirve para tener un mejor servicio web. Tambi\u00e9n usted puede cambiar la<br \/>\nconfiguraci\u00f3n de su ordenador para declinar las cookies. Si se declinan es posible que no pueda<br \/>\nutilizar algunos de nuestros servicios.<\/p>\n<p>Enlaces a Terceros<br \/>\nEste sitio web pudiera contener en laces a otros sitios que pudieran ser de su inter\u00e9s. Una vez<br \/>\nque usted de clic en estos enlaces y abandone nuestra p\u00e1gina, ya no tenemos control sobre al<br \/>\nsitio al que es redirigido y por lo tanto no somos responsables de los t\u00e9rminos o privacidad ni de la<br \/>\nprotecci\u00f3n de sus datos en esos otros sitios terceros. Dichos sitios est\u00e1n sujetos a sus propias<br \/>\npol\u00edticas de privacidad por lo cual es recomendable que los consulte para confirmar que usted<br \/>\nest\u00e1 de acuerdo con estas.<br \/>\nControl de su informaci\u00f3n personal<br \/>\nEn cualquier momento usted puede restringir la recopilaci\u00f3n o el uso de la informaci\u00f3n personal<br \/>\nque es proporcionada a nuestro sitio web. Cada vez que se le solicite rellenar un formulario,<br \/>\ncomo el de alta de usuario, puede marcar o desmarcar la opci\u00f3n de recibir informaci\u00f3n por correo<br \/>\nelectr\u00f3nico. En caso de que haya marcado la opci\u00f3n de recibir nuestro bolet\u00edn o publicidad usted<br \/>\npuede cancelarla en cualquier momento.<br \/>\nEsta compa\u00f1\u00eda no vender\u00e1, ceder\u00e1 ni distribuir\u00e1 la informaci\u00f3n personal que es recopilada sin su<br \/>\nconsentimiento, salvo que sea requerido por un juez con un orden judicial.<br \/>\nlifestylebyolgui Se reserva el derecho de cambiar los t\u00e9rminos de la presente Pol\u00edtica de Privacidad en<br \/>\ncualquier momento.<\/p>\n","protected":false},"excerpt":{"rendered":"<p>POL\u00cdTICA DE PRIVACIDAD El presente Pol\u00edtica de Privacidad establece los t\u00e9rminos en que lifestylebyolgui usa y protege la informaci\u00f3n que es proporcionada por sus usuarios al momento de utilizar su sitio web. Esta compa\u00f1\u00eda est\u00e1 comprometida con la seguridad de los datos de sus usuarios. Cuando le pedimos llenar los campos de informaci\u00f3n personal con &hellip;<\/p>\n<p class=\"read-more\"> <a class=\"\" href=\"https:\/\/lifestylebyolgui.com\/?page_id=369\"> <span class=\"screen-reader-text\">Pol\u00edtica de privacidad.<\/span> Leer m\u00e1s &raquo;<\/a><\/p>\n","protected":false},"author":1,"featured_media":0,"parent":0,"menu_order":0,"comment_status":"closed","ping_status":"closed","template":"","meta":{"site-sidebar-layout":"default","site-content-layout":"default","ast-main-header-display":"","ast-hfb-above-header-display":"","ast-hfb-below-header-display":"","ast-hfb-mobile-header-display":"","site-post-title":"","ast-breadcrumbs-content":"","ast-featured-img":"","footer-sml-layout":"","theme-transparent-header-meta":"default","adv-header-id-meta":"","stick-header-meta":"","header-above-stick-meta":"","header-main-stick-meta":"","header-below-stick-meta":"","footnotes":""},"class_list":["post-369","page","type-page","status-publish","hentry"],"_links":{"self":[{"href":"https:\/\/lifestylebyolgui.com\/index.php?rest_route=\/wp\/v2\/pages\/369","targetHints":{"allow":["GET"]}}],"collection":[{"href":"https:\/\/lifestylebyolgui.com\/index.php?rest_route=\/wp\/v2\/pages"}],"about":[{"href":"https:\/\/lifestylebyolgui.com\/index.php?rest_route=\/wp\/v2\/types\/page"}],"author":[{"embeddable":true,"href":"https:\/\/lifestylebyolgui.com\/index.php?rest_route=\/wp\/v2\/users\/1"}],"replies":[{"embeddable":true,"href":"https:\/\/lifestylebyolgui.com\/index.php?rest_route=%2Fwp%2Fv2%2Fcomments&post=369"}],"version-history":[{"count":5,"href":"https:\/\/lifestylebyolgui.com\/index.php?rest_route=\/wp\/v2\/pages\/369\/revisions"}],"predecessor-version":[{"id":763,"href":"https:\/\/lifestylebyolgui.com\/index.php?rest_route=\/wp\/v2\/pages\/369\/revisions\/763"}],"wp:attachment":[{"href":"https:\/\/lifestylebyolgui.com\/index.php?rest_route=%2Fwp%2Fv2%2Fmedia&parent=369"}],"curies":[{"name":"wp","href":"https:\/\/api.w.org\/{rel}","templated":true}]}}